{"id":285,"date":"2021-12-13T14:41:42","date_gmt":"2021-12-13T13:41:42","guid":{"rendered":"https:\/\/impackservice.de\/?page_id=285"},"modified":"2022-02-01T20:19:17","modified_gmt":"2022-02-01T19:19:17","slug":"verpackungsdienstleister","status":"publish","type":"page","link":"https:\/\/impackservice.de\/","title":{"rendered":"Startseite"},"content":{"rendered":"\n<div class=\"slider-wrapper relative\" id=\"slider-2090406250\" >\n    <div class=\"slider slider-nav-reveal slider-nav-large slider-nav-light slider-style-normal\"\n        data-flickity-options='{\n            \"cellAlign\": \"center\",\n            \"imagesLoaded\": true,\n            \"lazyLoad\": 1,\n            \"freeScroll\": false,\n            \"wrapAround\": true,\n            \"autoPlay\": 6000,\n            \"pauseAutoPlayOnHover\" : true,\n            \"prevNextButtons\": false,\n            \"contain\" : true,\n            \"adaptiveHeight\" : true,\n            \"dragThreshold\" : 10,\n            \"percentPosition\": true,\n            \"pageDots\": false,\n            \"rightToLeft\": false,\n            \"draggable\": true,\n            \"selectedAttraction\": 0.1,\n            \"parallax\" : 0,\n            \"friction\": 0.6        }'\n        >\n        \n\n\n  <div class=\"banner has-hover bg-zoom has-parallax\" id=\"banner-4315344\">\n          <div class=\"banner-inner fill\">\n        <div class=\"banner-bg fill\" data-parallax=\"-5\" data-parallax-container=\".banner\" data-parallax-background>\n            <div class=\"bg fill bg-fill \"><\/div>\n                        <div class=\"overlay\"><\/div>            \n                    <\/div>\n        <div class=\"banner-layers container\">\n            <div class=\"fill banner-link\"><\/div>            \n\n   <div id=\"text-box-1410019322\" class=\"text-box banner-layer x10 md-x10 lg-x10 y50 md-y50 lg-y50 res-text\">\n                     <div data-animate=\"fadeInLeft\">           <div class=\"text-box-content text \">\n              \n              <div class=\"text-inner text-left\">\n                  \n\n\t<div id=\"text-63594416\" class=\"text\">\n\t\t\n\n<h2 class=\"uppercase\" data-animate=\"fadeInLeft\" data-animated=\"true\"><strong>Im Pack service GmbH <\/strong><\/h2>\n<p>Wir machen uns STARK f\u00fcr Sie<\/p>\n\t\t\n<style>\n#text-63594416 {\n  font-size: 0.75rem;\n  text-align: left;\n  color: rgb(255,255,255);\n}\n#text-63594416 > * {\n  color: rgb(255,255,255);\n}\n@media (min-width:550px) {\n  #text-63594416 {\n    font-size: 1.25rem;\n  }\n}\n<\/style>\n\t<\/div>\n\t\n<div class=\"is-divider divider clearfix\" ><\/div>\n\n<a href=\"https:\/\/impackservice.de\/kontakt\/\" target=\"_self\" class=\"button primary is-bevel\"  >\n    <span>Kontakt aufnehmen<\/span>\n  <\/a>\n\n\n\n              <\/div>\n           <\/div>\n       <\/div>                     \n<style>\n#text-box-1410019322 {\n  width: 54%;\n}\n#text-box-1410019322 .text-box-content {\n  font-size: 100%;\n}\n@media (min-width:550px) {\n  #text-box-1410019322 {\n    width: 40%;\n  }\n}\n<\/style>\n    <\/div>\n \n   <div id=\"text-box-510128182\" class=\"text-box banner-layer text-box-circle x95 md-x95 lg-x95 y65 md-y65 lg-y65 res-text\">\n                     <div data-animate=\"fadeInRight\">           <div class=\"text-box-content text dark\">\n              \n              <div class=\"text-inner text-center\">\n                  \n\n<h4>Sie m\u00f6chten mehr erfahren?<\/h4>\n<p>Kontaktieren Sie uns bequem per Mail oder Telefon\u00a0<\/p>\n<p><span class=\"fancy-underline\"><a href \"mailto:info@impackservice.de\">info@impackservice.de<\/a><\/span><\/p>\n<p><span class=\"fancy-underline\">+49 521 989022 91\/92<\/span><\/p>\n\n              <\/div>\n           <\/div>\n       <\/div>                     \n<style>\n#text-box-510128182 {\n  width: 28%;\n}\n#text-box-510128182 .text-box-content {\n  font-size: 100%;\n}\n<\/style>\n    <\/div>\n \n\n        <\/div>\n      <\/div>\n\n            \n<style>\n#banner-4315344 {\n  padding-top: 430px;\n}\n#banner-4315344 .bg.bg-loaded {\n  background-image: url(https:\/\/impackservice.de\/wp-content\/uploads\/2022\/02\/20211217_150441-1067x800.jpg);\n}\n#banner-4315344 .overlay {\n  background-color: rgba(0, 0, 0, 0.401);\n}\n#banner-4315344 .bg {\n  background-position: 59% 100%;\n}\n<\/style>\n  <\/div>\n\n\n\n     <\/div>\n\n     <div class=\"loading-spin dark large centered\"><\/div>\n\n     \t<\/div>\n\n\n\t<section class=\"section\" id=\"section_1725767671\">\n\t\t<div class=\"bg section-bg fill bg-fill  bg-loaded\" >\n\n\t\t\t\n\t\t\t\n\t\t\t\n\n\t\t<\/div>\n\n\t\t<div class=\"section-content relative\">\n\t\t\t\n\n<div class=\"row align-center\"  id=\"row-1685346616\">\n\n\n\t<div id=\"col-2011631492\" class=\"col medium-12 small-12 large-6\"  >\n\t\t<div class=\"col-inner\"  >\n\t\t\t\n\t\t\t\n\n\t<div id=\"gap-1773825733\" class=\"gap-element clearfix\" style=\"display:block; height:auto;\">\n\t\t\n<style>\n#gap-1773825733 {\n  padding-top: 10px;\n}\n@media (min-width:550px) {\n  #gap-1773825733 {\n    padding-top: 20px;\n  }\n}\n@media (min-width:850px) {\n  #gap-1773825733 {\n    padding-top: 30px;\n  }\n}\n<\/style>\n\t<\/div>\n\t\n\n\t<div id=\"text-2490547337\" class=\"text\">\n\t\t\n\n<h2>Herzlich willkommen bei der Im Pack Service GmbH!<\/h2>\n\t\t\n<style>\n#text-2490547337 {\n  font-size: 1.55rem;\n}\n<\/style>\n\t<\/div>\n\t\n<p class=\"lead\">Wir sind Ihr leistungsstarker Verpackungsdienstleister, die ein gro\u00dfes Spektrum an L\u00f6sungen in dem Bereich Serviceleistungen anbietet.<\/p>\n<p>Kontaktieren Sie uns jederzeit gern per Telefon, Email oder Kontaktformular f\u00fcr eine pers\u00f6nliche Beratung oder ein individuelles Angebot.<\/p>\n\n\t\t<\/div>\n\t\t\n<style>\n#col-2011631492 > .col-inner {\n  padding: 0px 10% 0px 0px;\n}\n<\/style>\n\t<\/div>\n\n\t\n\n\t<div id=\"col-179901561\" class=\"col medium-12 small-12 large-6\"  >\n\t\t<div class=\"col-inner\" style=\"background-color:rgb(241, 241, 241);\" >\n\t\t\t\n\t<div class=\"is-border\"\n\t\tstyle=\"border-color:rgb(73, 193, 147);border-width:10px 0px 0px 0px;\">\n\t<\/div>\n\t\t\t\n\n\t<div id=\"text-2360012819\" class=\"text\">\n\t\t\n\n<h3>Kurze Auflistung unserer T\u00e4tigkeiten<\/h31>\n\t\t\n<style>\n#text-2360012819 {\n  font-size: 1.25rem;\n}\n<\/style>\n\t<\/div>\n\t\n<ul>\n<li class=\"bullet-checkmark\">Aufbau von Verpackungen und Verpacken aller Arten von Produkten<\/li>\n<li class=\"bullet-checkmark\">Handklebungen aller Art<\/li>\n<li class=\"bullet-checkmark\">Umpacken und sortieren jeglicher Produktarten<\/li>\n<li class=\"bullet-checkmark\">Bildung von Sortimenten<\/li>\n<li class=\"bullet-checkmark\">Aufkleben, Wechsel und Entfernung von Etiketten<\/li>\n<li class=\"bullet-checkmark\">Einzelversand<\/li>\n<li class=\"bullet-checkmark\">Beilegen und Entfernen von Flyern<\/li>\n<li class=\"bullet-checkmark\">&#8230;und vieles mehr!<\/li>\n<\/ul>\n\n\t\t<\/div>\n\t\t\n<style>\n#col-179901561 > .col-inner {\n  padding: 15% 10% 5% 10%;\n  margin: 0 0px 0px 0px;\n}\n@media (min-width:550px) {\n  #col-179901561 > .col-inner {\n    padding: 10% 10% 8% 10%;\n  }\n}\n@media (min-width:850px) {\n  #col-179901561 > .col-inner {\n    padding: 15% 15% 10% 15%;\n    margin: -172px 0px 0px 0px;\n  }\n}\n<\/style>\n\t<\/div>\n\n\t\n\n<\/div>\n\n\t\t<\/div>\n\n\t\t\n<style>\n#section_1725767671 {\n  padding-top: 30px;\n  padding-bottom: 30px;\n}\n<\/style>\n\t<\/section>\n\t\n<div class=\"row\"  id=\"row-1981747475\">\n\n\n\t<div id=\"col-155293578\" class=\"col medium-4 small-12 large-4\"  >\n\t\t<div class=\"col-inner\"  >\n\t\t\t\n\t\t\t\n\n\n  <div class=\"banner has-hover bg-zoom-fade\" id=\"banner-9998247\">\n          <div class=\"banner-inner fill\">\n        <div class=\"banner-bg fill\" >\n            <div class=\"bg fill bg-fill \"><\/div>\n                        <div class=\"overlay\"><\/div>            \n                    <\/div>\n        <div class=\"banner-layers container\">\n            <a class=\"fill\" href=\"blog\"  ><div class=\"fill banner-link\"><\/div><\/a>            \n\n   <div id=\"text-box-1104522407\" class=\"text-box banner-layer x50 md-x50 lg-x50 y50 md-y50 lg-y50 res-text\">\n                                <div class=\"text-box-content text dark\">\n              \n              <div class=\"text-inner text-center\">\n                  \n\n<h2><strong><span class=\"uppercase\">G\u00fcnstig und gut<\/span><\/strong><\/h2>\n<h4 class=\"thin-font\">Wir verpacken Ihre Waren ordentlich und schnell gegen einen fairen Preis.<\/h4>\n<div class=\"is-divider divider clearfix\" ><\/div>\n\n\n              <\/div>\n           <\/div>\n                            \n<style>\n#text-box-1104522407 {\n  width: 85%;\n}\n#text-box-1104522407 .text-box-content {\n  font-size: 100%;\n}\n<\/style>\n    <\/div>\n \n\n        <\/div>\n      <\/div>\n\n            \n<style>\n#banner-9998247 {\n  padding-top: 160px;\n}\n#banner-9998247 .bg.bg-loaded {\n  background-image: url(https:\/\/impackservice.de\/wp-content\/uploads\/2022\/02\/20211217_150457-1067x800.jpg);\n}\n#banner-9998247 .overlay {\n  background-color: rgba(0,0,0,.5);\n}\n#banner-9998247 .bg {\n  background-position: 48% 56%;\n}\n<\/style>\n  <\/div>\n\n\n\n\t\t<\/div>\n\t\t\t<\/div>\n\n\t\n\n\t<div id=\"col-1796564621\" class=\"col medium-4 small-12 large-4\"  >\n\t\t<div class=\"col-inner\"  >\n\t\t\t\n\t\t\t\n\n\n  <div class=\"banner has-hover bg-zoom-fade\" id=\"banner-466161725\">\n          <div class=\"banner-inner fill\">\n        <div class=\"banner-bg fill\" >\n            <div class=\"bg fill bg-fill \"><\/div>\n                        <div class=\"overlay\"><\/div>            \n                    <\/div>\n        <div class=\"banner-layers container\">\n            <a class=\"fill\" href=\"http:\/\/localhost:8888\/test\/blog\/\"  ><div class=\"fill banner-link\"><\/div><\/a>            \n\n   <div id=\"text-box-1526769425\" class=\"text-box banner-layer x50 md-x50 lg-x50 y50 md-y50 lg-y50 res-text\">\n                                <div class=\"text-box-content text dark\">\n              \n              <div class=\"text-inner text-center\">\n                  \n\n<h2><span style=\"text-transform: uppercase;\"><b>Flexibel<\/b><\/span><\/h2>\n<h4 class=\"thin-font\">Wir sind flexibel in unseren Arbeitszeiten, sodass auch kurzfristige Termine f\u00fcr uns kein Problem darstellen.<\/h4>\n\n              <\/div>\n           <\/div>\n                            \n<style>\n#text-box-1526769425 {\n  width: 78%;\n}\n#text-box-1526769425 .text-box-content {\n  font-size: 100%;\n}\n<\/style>\n    <\/div>\n \n\n        <\/div>\n      <\/div>\n\n            \n<style>\n#banner-466161725 {\n  padding-top: 160px;\n}\n#banner-466161725 .bg.bg-loaded {\n  background-image: url(https:\/\/impackservice.de\/wp-content\/uploads\/2022\/02\/20211217_150934-1067x800.jpg);\n}\n#banner-466161725 .overlay {\n  background-color: rgba(0,0,0,.5);\n}\n#banner-466161725 .bg {\n  background-position: 61% 0%;\n}\n<\/style>\n  <\/div>\n\n\n\n\t\t<\/div>\n\t\t\t<\/div>\n\n\t\n\n\t<div id=\"col-1992034346\" class=\"col medium-4 small-12 large-4\"  >\n\t\t<div class=\"col-inner\"  >\n\t\t\t\n\t\t\t\n\n\n  <div class=\"banner has-hover bg-zoom-fade\" id=\"banner-1729404535\">\n          <div class=\"banner-inner fill\">\n        <div class=\"banner-bg fill\" >\n            <div class=\"bg fill bg-fill \"><\/div>\n                        <div class=\"overlay\"><\/div>            \n                    <\/div>\n        <div class=\"banner-layers container\">\n            <a class=\"fill\" href=\"about-us\"  ><div class=\"fill banner-link\"><\/div><\/a>            \n\n   <div id=\"text-box-163406962\" class=\"text-box banner-layer x50 md-x50 lg-x50 y50 md-y50 lg-y50 res-text\">\n                                <div class=\"text-box-content text dark\">\n              \n              <div class=\"text-inner text-center\">\n                  \n\n\t<div id=\"text-2673975976\" class=\"text\">\n\t\t\n\n<h2>Hohe Arbeitsqualit\u00e4t<\/h2>\n<h4 class=\"thin-font\">Durch langj\u00e4hrige Erfahrungen in der Verpackungsindustrie k\u00f6nnen wir Ihnen eine sehr gute Qualit\u00e4t und termingerechte Lieferung garantieren. <\/h4>\n\t\t\n<style>\n#text-2673975976 {\n  text-align: center;\n}\n<\/style>\n\t<\/div>\n\t\n\n              <\/div>\n           <\/div>\n                            \n<style>\n#text-box-163406962 {\n  width: 80%;\n}\n#text-box-163406962 .text-box-content {\n  font-size: 100%;\n}\n<\/style>\n    <\/div>\n \n\n        <\/div>\n      <\/div>\n\n            \n<style>\n#banner-1729404535 {\n  padding-top: 160px;\n}\n#banner-1729404535 .bg.bg-loaded {\n  background-image: url(https:\/\/impackservice.de\/wp-content\/uploads\/2022\/02\/20211217_150923-600x800.jpg);\n}\n#banner-1729404535 .overlay {\n  background-color: rgba(0,0,0,.5);\n}\n#banner-1729404535 .bg {\n  background-position: 65% 32%;\n}\n<\/style>\n  <\/div>\n\n\n\n\t\t<\/div>\n\t\t\t<\/div>\n\n\t\n\n<\/div>\n\t<section class=\"section has-parallax\" id=\"section_160501768\">\n\t\t<div class=\"bg section-bg fill bg-fill  \" data-parallax-container=\".section\" data-parallax-background data-parallax=\"-2\">\n\n\t\t\t\n\t\t\t\n\t\t\t\n\t<div class=\"is-border\"\n\t\tstyle=\"border-color:rgb(235, 235, 235);border-width:1px 0px 0px 0px;\">\n\t<\/div>\n\n\t\t<\/div>\n\n\t\t<div class=\"section-content relative\">\n\t\t\t\n\n<div class=\"row row-large align-middle align-center\"  id=\"row-1563488243\">\n\n\n\t<div id=\"col-899806585\" class=\"col medium-5 small-12 large-5\"  >\n\t\t<div class=\"col-inner box-shadow-2 box-shadow-5-hover\" style=\"background-color:rgb(198, 198, 198);\" >\n\t\t\t\n\t\t\t\n\n\t<div id=\"text-1136664508\" class=\"text\">\n\t\t\n\n<p>\u00a0<\/p>\n<h2>Handarbeit<\/h2>\n<p>Was die Maschinen nicht k\u00f6nnen &#8211; \u00fcbernehmen wir!<\/p>\n\t\t\n<style>\n#text-1136664508 {\n  font-size: 1.25rem;\n  text-align: center;\n  color: rgb(0, 0, 0);\n}\n#text-1136664508 > * {\n  color: rgb(0, 0, 0);\n}\n<\/style>\n\t<\/div>\n\t\n\n\t\t<\/div>\n\t\t\n<style>\n#col-899806585 > .col-inner {\n  padding: 0px 15px 15px 15px;\n}\n<\/style>\n\t<\/div>\n\n\t\n\n<\/div>\n\n\t\t<\/div>\n\n\t\t\n<style>\n#section_160501768 {\n  padding-top: 59px;\n  padding-bottom: 59px;\n  min-height: 300px;\n  background-color: rgb(228, 228, 228);\n}\n#section_160501768 .section-bg.bg-loaded {\n  background-image: url(https:\/\/impackservice.de\/wp-content\/uploads\/2022\/02\/20211217_151417-scaled.jpg);\n}\n#section_160501768 .section-bg {\n  background-position: 52% 35%;\n}\n<\/style>\n\t<\/section>\n\t\n  <div class=\"banner-grid-wrapper\">\n  <div id=\"banner-grid-2034595721\" class=\"banner-grid row row-grid row-xsmall row-full-width\" data-packery-options=\"\">\n                      \n\n<div class=\"col grid-col large-6 grid-col-1-2\" ><div class=\"col-inner\">\n\n\t<div class=\"img has-hover x md-x lg-x y md-y lg-y\" id=\"image_140379029\">\n\t\t\t\t<div data-parallax-fade=\"true\" data-parallax=\"2\">\t\t\t\t<div class=\"img-inner image-fade-in dark\" >\n\t\t\t<img loading=\"lazy\" decoding=\"async\" width=\"1020\" height=\"765\" src=\"https:\/\/impackservice.de\/wp-content\/uploads\/2022\/02\/20211217_150636-1067x800.jpg\" class=\"attachment-large size-large\" alt=\"Maschinen Gabelstapler\" srcset=\"https:\/\/impackservice.de\/wp-content\/uploads\/2022\/02\/20211217_150636-1067x800.jpg 1067w, https:\/\/impackservice.de\/wp-content\/uploads\/2022\/02\/20211217_150636-533x400.jpg 533w, https:\/\/impackservice.de\/wp-content\/uploads\/2022\/02\/20211217_150636-768x576.jpg 768w, https:\/\/impackservice.de\/wp-content\/uploads\/2022\/02\/20211217_150636-1536x1152.jpg 1536w, https:\/\/impackservice.de\/wp-content\/uploads\/2022\/02\/20211217_150636-2048x1536.jpg 2048w\" sizes=\"auto, (max-width: 1020px) 100vw, 1020px\" \/>\t\t\t\t\t\t\n\t\t\t\t\t<\/div>\n\t\t\t\t<\/div>\t\t\t\t\n<style>\n#image_140379029 {\n  width: 100%;\n}\n<\/style>\n\t<\/div>\n\t\n\n\n<\/div><\/div>\n<div class=\"col grid-col large-3 grid-col-1-2\" ><div class=\"col-inner\">\n\n\t<div class=\"img has-hover x md-x lg-x y md-y lg-y\" id=\"image_1661155577\">\n\t\t\t\t<div data-parallax-fade=\"true\" data-parallax=\"2\">\t\t\t\t<div class=\"img-inner image-fade-in dark\" >\n\t\t\t<img loading=\"lazy\" decoding=\"async\" width=\"600\" height=\"800\" src=\"https:\/\/impackservice.de\/wp-content\/uploads\/2022\/02\/20211217_151226-600x800.jpg\" class=\"attachment-large size-large\" alt=\"Lager Maschine 3 Verpackungen Plastik\" srcset=\"https:\/\/impackservice.de\/wp-content\/uploads\/2022\/02\/20211217_151226-600x800.jpg 600w, https:\/\/impackservice.de\/wp-content\/uploads\/2022\/02\/20211217_151226-300x400.jpg 300w, https:\/\/impackservice.de\/wp-content\/uploads\/2022\/02\/20211217_151226-768x1024.jpg 768w, https:\/\/impackservice.de\/wp-content\/uploads\/2022\/02\/20211217_151226-1152x1536.jpg 1152w, https:\/\/impackservice.de\/wp-content\/uploads\/2022\/02\/20211217_151226-1536x2048.jpg 1536w, https:\/\/impackservice.de\/wp-content\/uploads\/2022\/02\/20211217_151226-scaled.jpg 1920w\" sizes=\"auto, (max-width: 600px) 100vw, 600px\" \/>\t\t\t\t\t\t\n\t\t\t\t\t<\/div>\n\t\t\t\t<\/div>\t\t\t\t\n<style>\n#image_1661155577 {\n  width: 100%;\n}\n<\/style>\n\t<\/div>\n\t\n\n\n<\/div><\/div>\n<div class=\"col grid-col large-3 grid-col-1-2\" ><div class=\"col-inner\">\n\n\t<div class=\"img has-hover x md-x lg-x y md-y lg-y\" id=\"image_1378157045\">\n\t\t\t\t<div data-parallax-fade=\"true\" data-parallax=\"2\">\t\t\t\t<div class=\"img-inner image-fade-in dark\" >\n\t\t\t<img loading=\"lazy\" decoding=\"async\" width=\"1020\" height=\"765\" src=\"https:\/\/impackservice.de\/wp-content\/uploads\/2022\/02\/20211217_150149-1067x800.jpg\" class=\"attachment-large size-large\" alt=\"Lagerhalle LKW\" srcset=\"https:\/\/impackservice.de\/wp-content\/uploads\/2022\/02\/20211217_150149-1067x800.jpg 1067w, https:\/\/impackservice.de\/wp-content\/uploads\/2022\/02\/20211217_150149-533x400.jpg 533w, https:\/\/impackservice.de\/wp-content\/uploads\/2022\/02\/20211217_150149-768x576.jpg 768w, https:\/\/impackservice.de\/wp-content\/uploads\/2022\/02\/20211217_150149-1536x1152.jpg 1536w, https:\/\/impackservice.de\/wp-content\/uploads\/2022\/02\/20211217_150149-2048x1536.jpg 2048w\" sizes=\"auto, (max-width: 1020px) 100vw, 1020px\" \/>\t\t\t\t\t\t\n\t\t\t\t\t<\/div>\n\t\t\t\t<\/div>\t\t\t\t\n<style>\n#image_1378157045 {\n  width: 100%;\n}\n<\/style>\n\t<\/div>\n\t\n\n\n<\/div><\/div>\n\n            <\/div>\n    <style>\n    #banner-grid-2034595721 .grid-col-1{height: 490px}\n    #banner-grid-2034595721 .grid-col-1-2{height: 245px}\n    #banner-grid-2034595721 .grid-col-1-3{height:163.33333333333px}\n    #banner-grid-2034595721 .grid-col-2-3{height: 326.66666666667px}\n    #banner-grid-2034595721 .grid-col-1-4{height: 122.5px}\n    #banner-grid-2034595721 .grid-col-3-4{height: 367.5px}\n\n\n    \n    \n\n  <\/style>\n    <\/div>\n  \n\n","protected":false},"excerpt":{"rendered":"","protected":false},"author":1,"featured_media":22,"parent":0,"menu_order":1,"comment_status":"closed","ping_status":"closed","template":"page-blank.php","meta":{"footnotes":""},"class_list":["post-285","page","type-page","status-publish","has-post-thumbnail","hentry"],"yoast_head":"<!-- This site is optimized with the Yoast SEO plugin v19.10 - https:\/\/yoast.com\/wordpress\/plugins\/seo\/ -->\n<title>Startseite - Im Pack Service GmbH<\/title>\n<meta name=\"description\" content=\"Ihr leistungsstarker Verpackungsdienstleister mit Sitz in Bielefeld Deutschland. Vereinbaren Sie individuelle Preise f\u00fcr unsere Services!\" \/>\n<meta name=\"robots\" content=\"index, follow, max-snippet:-1, max-image-preview:large, max-video-preview:-1\" \/>\n<link rel=\"canonical\" href=\"https:\/\/impackservice.de\/\" \/>\n<meta property=\"og:locale\" content=\"de_DE\" \/>\n<meta property=\"og:type\" content=\"article\" \/>\n<meta property=\"og:title\" content=\"Startseite - Im Pack Service GmbH\" \/>\n<meta property=\"og:description\" content=\"Ihr leistungsstarker Verpackungsdienstleister mit Sitz in Bielefeld Deutschland. Vereinbaren Sie individuelle Preise f\u00fcr unsere Services!\" \/>\n<meta property=\"og:url\" content=\"https:\/\/impackservice.de\/\" \/>\n<meta property=\"og:site_name\" content=\"Im Pack Service GmbH\" \/>\n<meta property=\"article:modified_time\" content=\"2022-02-01T19:19:17+00:00\" \/>\n<meta property=\"og:image\" content=\"https:\/\/impackservice.de\/wp-content\/uploads\/2016\/08\/dummy-1.jpg\" \/>\n\t<meta property=\"og:image:width\" content=\"400\" \/>\n\t<meta property=\"og:image:height\" content=\"260\" \/>\n\t<meta property=\"og:image:type\" content=\"image\/jpeg\" \/>\n<meta name=\"twitter:card\" content=\"summary_large_image\" \/>\n<meta name=\"twitter:label1\" content=\"Gesch\u00e4tzte Lesezeit\" \/>\n\t<meta name=\"twitter:data1\" content=\"3\u00a0Minuten\" \/>\n<script type=\"application\/ld+json\" class=\"yoast-schema-graph\">{\"@context\":\"https:\/\/schema.org\",\"@graph\":[{\"@type\":\"WebPage\",\"@id\":\"https:\/\/impackservice.de\/\",\"url\":\"https:\/\/impackservice.de\/\",\"name\":\"Startseite - Im Pack Service GmbH\",\"isPartOf\":{\"@id\":\"https:\/\/impackservice.de\/#website\"},\"datePublished\":\"2021-12-13T13:41:42+00:00\",\"dateModified\":\"2022-02-01T19:19:17+00:00\",\"description\":\"Ihr leistungsstarker Verpackungsdienstleister mit Sitz in Bielefeld Deutschland. Vereinbaren Sie individuelle Preise f\u00fcr unsere Services!\",\"breadcrumb\":{\"@id\":\"https:\/\/impackservice.de\/#breadcrumb\"},\"inLanguage\":\"de\",\"potentialAction\":[{\"@type\":\"ReadAction\",\"target\":[\"https:\/\/impackservice.de\/\"]}]},{\"@type\":\"BreadcrumbList\",\"@id\":\"https:\/\/impackservice.de\/#breadcrumb\",\"itemListElement\":[{\"@type\":\"ListItem\",\"position\":1,\"name\":\"Startseite\",\"item\":\"https:\/\/impackservice.de\/\"},{\"@type\":\"ListItem\",\"position\":2,\"name\":\"Startseite\"}]},{\"@type\":\"WebSite\",\"@id\":\"https:\/\/impackservice.de\/#website\",\"url\":\"https:\/\/impackservice.de\/\",\"name\":\"Im Pack Service GmbH\",\"description\":\"Wir machen uns STARK f\u00fcr Sie\",\"publisher\":{\"@id\":\"https:\/\/impackservice.de\/#organization\"},\"potentialAction\":[{\"@type\":\"SearchAction\",\"target\":{\"@type\":\"EntryPoint\",\"urlTemplate\":\"https:\/\/impackservice.de\/?s={search_term_string}\"},\"query-input\":\"required name=search_term_string\"}],\"inLanguage\":\"de\"},{\"@type\":\"Organization\",\"@id\":\"https:\/\/impackservice.de\/#organization\",\"name\":\"Im Pack Service GmbH\",\"url\":\"https:\/\/impackservice.de\/\",\"logo\":{\"@type\":\"ImageObject\",\"inLanguage\":\"de\",\"@id\":\"https:\/\/impackservice.de\/#\/schema\/logo\/image\/\",\"url\":\"https:\/\/impackservice.de\/wp-content\/uploads\/2021\/12\/impacklogo.png\",\"contentUrl\":\"https:\/\/impackservice.de\/wp-content\/uploads\/2021\/12\/impacklogo.png\",\"width\":835,\"height\":601,\"caption\":\"Im Pack Service GmbH\"},\"image\":{\"@id\":\"https:\/\/impackservice.de\/#\/schema\/logo\/image\/\"}}]}<\/script>\n<!-- \/ Yoast SEO plugin. -->","yoast_head_json":{"title":"Startseite - Im Pack Service GmbH","description":"Ihr leistungsstarker Verpackungsdienstleister mit Sitz in Bielefeld Deutschland. Vereinbaren Sie individuelle Preise f\u00fcr unsere Services!","robots":{"index":"index","follow":"follow","max-snippet":"max-snippet:-1","max-image-preview":"max-image-preview:large","max-video-preview":"max-video-preview:-1"},"canonical":"https:\/\/impackservice.de\/","og_locale":"de_DE","og_type":"article","og_title":"Startseite - Im Pack Service GmbH","og_description":"Ihr leistungsstarker Verpackungsdienstleister mit Sitz in Bielefeld Deutschland. Vereinbaren Sie individuelle Preise f\u00fcr unsere Services!","og_url":"https:\/\/impackservice.de\/","og_site_name":"Im Pack Service GmbH","article_modified_time":"2022-02-01T19:19:17+00:00","og_image":[{"width":400,"height":260,"url":"https:\/\/impackservice.de\/wp-content\/uploads\/2016\/08\/dummy-1.jpg","type":"image\/jpeg"}],"twitter_card":"summary_large_image","twitter_misc":{"Gesch\u00e4tzte Lesezeit":"3\u00a0Minuten"},"schema":{"@context":"https:\/\/schema.org","@graph":[{"@type":"WebPage","@id":"https:\/\/impackservice.de\/","url":"https:\/\/impackservice.de\/","name":"Startseite - Im Pack Service GmbH","isPartOf":{"@id":"https:\/\/impackservice.de\/#website"},"datePublished":"2021-12-13T13:41:42+00:00","dateModified":"2022-02-01T19:19:17+00:00","description":"Ihr leistungsstarker Verpackungsdienstleister mit Sitz in Bielefeld Deutschland. Vereinbaren Sie individuelle Preise f\u00fcr unsere Services!","breadcrumb":{"@id":"https:\/\/impackservice.de\/#breadcrumb"},"inLanguage":"de","potentialAction":[{"@type":"ReadAction","target":["https:\/\/impackservice.de\/"]}]},{"@type":"BreadcrumbList","@id":"https:\/\/impackservice.de\/#breadcrumb","itemListElement":[{"@type":"ListItem","position":1,"name":"Startseite","item":"https:\/\/impackservice.de\/"},{"@type":"ListItem","position":2,"name":"Startseite"}]},{"@type":"WebSite","@id":"https:\/\/impackservice.de\/#website","url":"https:\/\/impackservice.de\/","name":"Im Pack Service GmbH","description":"Wir machen uns STARK f\u00fcr Sie","publisher":{"@id":"https:\/\/impackservice.de\/#organization"},"potentialAction":[{"@type":"SearchAction","target":{"@type":"EntryPoint","urlTemplate":"https:\/\/impackservice.de\/?s={search_term_string}"},"query-input":"required name=search_term_string"}],"inLanguage":"de"},{"@type":"Organization","@id":"https:\/\/impackservice.de\/#organization","name":"Im Pack Service GmbH","url":"https:\/\/impackservice.de\/","logo":{"@type":"ImageObject","inLanguage":"de","@id":"https:\/\/impackservice.de\/#\/schema\/logo\/image\/","url":"https:\/\/impackservice.de\/wp-content\/uploads\/2021\/12\/impacklogo.png","contentUrl":"https:\/\/impackservice.de\/wp-content\/uploads\/2021\/12\/impacklogo.png","width":835,"height":601,"caption":"Im Pack Service GmbH"},"image":{"@id":"https:\/\/impackservice.de\/#\/schema\/logo\/image\/"}}]}},"_links":{"self":[{"href":"https:\/\/impackservice.de\/index.php?rest_route=\/wp\/v2\/pages\/285","targetHints":{"allow":["GET"]}}],"collection":[{"href":"https:\/\/impackservice.de\/index.php?rest_route=\/wp\/v2\/pages"}],"about":[{"href":"https:\/\/impackservice.de\/index.php?rest_route=\/wp\/v2\/types\/page"}],"author":[{"embeddable":true,"href":"https:\/\/impackservice.de\/index.php?rest_route=\/wp\/v2\/users\/1"}],"replies":[{"embeddable":true,"href":"https:\/\/impackservice.de\/index.php?rest_route=%2Fwp%2Fv2%2Fcomments&post=285"}],"version-history":[{"count":25,"href":"https:\/\/impackservice.de\/index.php?rest_route=\/wp\/v2\/pages\/285\/revisions"}],"predecessor-version":[{"id":434,"href":"https:\/\/impackservice.de\/index.php?rest_route=\/wp\/v2\/pages\/285\/revisions\/434"}],"wp:featuredmedia":[{"embeddable":true,"href":"https:\/\/impackservice.de\/index.php?rest_route=\/wp\/v2\/media\/22"}],"wp:attachment":[{"href":"https:\/\/impackservice.de\/index.php?rest_route=%2Fwp%2Fv2%2Fmedia&parent=285"}],"curies":[{"name":"wp","href":"https:\/\/api.w.org\/{rel}","templated":true}]}}